{"id":110,"date":"2023-03-20T15:46:05","date_gmt":"2023-03-20T15:46:05","guid":{"rendered":"https:\/\/surinvest.es\/?page_id=110"},"modified":"2023-05-03T10:49:44","modified_gmt":"2023-05-03T10:49:44","slug":"privacy-policy","status":"publish","type":"page","link":"https:\/\/samsarawealth.es\/en\/privacy-policy\/","title":{"rendered":"Privacy Policy"},"content":{"rendered":"<section class=\"py-28 max-sm:py-16 bg-white\" id=\"mb-block-34e47e94-c642-4d06-98d3-8368017541ac\">\n  <div class=\"w-full max-w-7xl mx-auto max-xl:px-4\">\n    <div class=\"flex gap-y-8 gap-x-32 max-md:flex-col flex-row-reverse\">\n            <div class=\"flex-1\">\n                  <div class=\"mb-12\">\n            <div class=\"flex items-center gap-4 subtitle max-w-md w-full mb-4 text-primary\">\n              Pol\u00edtica de Privacidad              <div class=\"flex-1 h-0.5 bg-secondary\"><\/div>\n            <\/div>\n            <h2 class=\"section-title\">Reglamento General Protecci\u00f3n de Datos (RGPD)<\/h2>\n          <\/div>\n                <div class=\"content\">\n          <p>La titular del dominio <a href=\"https:\/\/samsarawealth.es\">https:\/\/samsarawealth.es<\/a> es la sociedad Neurona Consulting, S.L.;\u00a0con CIF B-09869082, domiciliada en Calle Navas de Tolosa, 2 29016 M\u00e1laga e inscrita en el Registro Mercantil de M\u00e1laga, al Tomo 6151, Folio 63,\u00a0Hoja MA-166407, Fecha de Inscripci\u00f3n 08\/04\/2022. A trav\u00e9s de este dominio se realiza una actividad de promoci\u00f3n de venta de activos inmobiliarios pertenecientes a terceros.<\/p>\n<p>Dichos terceros quedan identificados al solicitar informaci\u00f3n de sus productos, donde se recoger\u00e1 el nombre y NIF del propietario del inmueble.\u00a0 En estos casos, la propiedad ser\u00e1 responsable de sus propios ficheros, y proporcionar\u00e1 todos los datos necesarios a fin de que el usuario de la p\u00e1gina pueda ejercitar los derechos de acceso, rectificaci\u00f3n, cancelaci\u00f3n y oposici\u00f3n que la LOPD les reconoce no solo frente a Neurona Consulting, S.L.; sino tambi\u00e9n frente al propietario del inmueble. Todo ello Independientemente de que el usuario tenga a su disposici\u00f3n en el domicilio de la propiedad la informaci\u00f3n de los inmuebles de su titularidad publicitados.<\/p>\n<p><strong>Pol\u00edtica de Privacidad<\/strong><\/p>\n<p>La presente Pol\u00edtica de Privacidad resulta de aplicaci\u00f3n a la p\u00e1gina web de Neurona Consulting, S.L. puesta a disposici\u00f3n del p\u00fablico en la URL https:\/\/samsarawealth.es, as\u00ed como a las interacciones que el usuario realiza con Neurona Consulting, S.L.;\u00a0a trav\u00e9s de dicha p\u00e1gina web. La mencionada Pol\u00edtica se ha dise\u00f1ado de acuerdo con lo dispuesto en la normativa vigente en materia de protecci\u00f3n de datos personales y los t\u00e9rminos utilizados en la misma tienen el mismo significado que los incluidos en el Aviso Legal.<\/p>\n<p>Neurona Consulting, S.L.;\u00a0podr\u00e1 modificar esta Pol\u00edtica de Privacidad cuando resulte necesario. En caso de introducirse modificaciones, se lo comunicaremos a trav\u00e9s de la p\u00e1gina web o bien por otros medios, con la finalidad de que pueda conocer las nuevas condiciones de Privacidad. El hecho de continuar haciendo uso de las funcionalidades puestas a disposici\u00f3n por Neurona Consulting, S.L.;\u00a0despu\u00e9s de haberle notificado las referidas modificaciones supondr\u00e1 que est\u00e1 de acuerdo con las mismas, salvo para los supuestos en los que sea necesario su consentimiento expreso.<\/p>\n<p><strong><em>\u00bfQui\u00e9n es el responsable del tratamiento de sus datos personales?<\/em><\/strong><\/p>\n<p>El responsable del tratamiento de los datos personales es Neurona Consulting, S.L. provista con CIF B-09869082y con domicilio en Calle Navas de Tolosa, 2 29016 M\u00e1laga.<\/p>\n<p><strong><em>\u00bfQu\u00e9 datos personales se tratan?<\/em><\/strong><\/p>\n<p>Los datos que Neurona Consulting, S.L. trata como consecuencia de las interacciones realizadas por el usuario a trav\u00e9s de nuestra p\u00e1gina web provienen de las siguientes fuentes:<\/p>\n<ul>\n<li>Datos aportados por el usuario mediante la cumplimentaci\u00f3n de los formularios puestos a disposici\u00f3n por Neurona Consulting, S.L.: o que el usuario autorice a las redes sociales a facilitar a Neurona Consulting, S.L. cuando utilice los conectores sociales de redes para registrarse en la p\u00e1gina web.<\/li>\n<li>Datos generados como consecuencia de la navegaci\u00f3n y uso por parte del usuario de las webs de Neurona Consulting, S.L.<\/li>\n<li>Datos generados como consecuencia del desarrollo, tramitaci\u00f3n y mantenimiento de la gesti\u00f3n de las solicitudes realizadas por el usuario.<\/li>\n<li>Datos obtenidos de fuentes externas (p.ej., redes sociales, etc.).\u00a0<\/li>\n<li>Neurona Consulting, S.L. podr\u00e1 tratar datos personales de las siguientes tipolog\u00edas, en funci\u00f3n de la relaci\u00f3n entablada con el usuario:\u00a0<\/li>\n<li>Datos identificativos\u00a0(p.ej., nombre y apellidos, correo electr\u00f3nico, direcci\u00f3n postal, tel\u00e9fono, direcci\u00f3n IP, imagen, etc.).<\/li>\n<li>Datos de navegaci\u00f3n y localizaci\u00f3n\u00a0(p.ej. uso de la p\u00e1gina web, secciones visitadas, datos que el usuario proporciona a trav\u00e9s de redes sociales al indicar su localizaci\u00f3n, etc.)<\/li>\n<li>Otras tipolog\u00edas de datos.\u00a0Exclusivamente en caso de que el usuario se registre mediante los conectores sociales de redes sociales, ser\u00e1n tratadas las tipolog\u00edas de datos que el usuario hubiera hecho p\u00fablicas a trav\u00e9s de la red social de que se trate y que el usuario hubiera consentido sean accedidos y tratados por Neurona Consulting, S.L.<\/li>\n<\/ul>\n<p>&nbsp;<\/p>\n<p><strong><em>\u00bfCon qu\u00e9 finalidad tratamos sus datos personales?<\/em><\/strong><\/p>\n<ul>\n<li>Los datos personales que sean facilitados por los usuarios de la presente p\u00e1gina web ser\u00e1n tratados por Neurona Consulting, S.L., para las siguientes finalidades, en funci\u00f3n de la tipolog\u00eda de datos que sean facilitados por el usuario, as\u00ed como de las interacciones que el usuario entable con Neurona Consulting, S.L. a trav\u00e9s de la p\u00e1gina web:\u00a0<\/li>\n<li>Contacto de la p\u00e1gina web:\u00a0Los datos personales de los usuarios que contactan con Neurona Consulting, S.L. a trav\u00e9s de cualquiera de los canales de contacto puestos a disposici\u00f3n en la p\u00e1gina web, ser\u00e1n tratados con la finalidad de gestionar dicho contacto, atender las solicitudes recibidas a trav\u00e9s de los mismos y prestar los servicios requeridos.<\/li>\n<li>Gesti\u00f3n de las propuestas presentadas por los usuarios;\u00a0Los datos personales ser\u00e1n tratados para ofrecer la debida respuesta a las propuestas de adquisici\u00f3n o arrendamiento de inmuebles, as\u00ed como para resolver cualquier consulta planteada por el usuario al respecto.<\/li>\n<li>Garantizar la navegaci\u00f3n web:\u00a0Los datos de car\u00e1cter personal ser\u00e1n utilizados \u00fanicamente para permitir la navegaci\u00f3n por nuestra p\u00e1gina web.<\/li>\n<li>Remitir comunicaciones comerciales, promocionales o publicitarias:\u00a0Los datos personales facilitados ser\u00e1n tratados para poder contactarle a trav\u00e9s de diversos medios, incluyendo medios electr\u00f3nicos, con la finalidad de facilitarle o remitirle informaci\u00f3n en relaci\u00f3n con el inmueble por el que se haya interesado el usuario, as\u00ed como en relaci\u00f3n con otros inmuebles que Neurona Consulting\u00a0tenga en su cartera. En relaci\u00f3n con esta finalidad, con car\u00e1cter previo al uso de los distintos formularios web puestos a su disposici\u00f3n en la Web, se le informar\u00e1 sobre el tratamiento que se efectuar\u00e1 de sus datos y, en su caso, se recabar\u00e1 su consentimiento para la mencionada finalidad. En su caso, podr\u00e1 revocar su consentimiento en cualquier momento y de forma gratuita mediante el env\u00edo de un mensaje a la direcci\u00f3n de correo electr\u00f3nico <a href=\"mailto:info@samsarawealth.es\">info@samsarawealth.es<\/a> \u00a0<\/li>\n<\/ul>\n<p>&nbsp;<\/p>\n<p><strong><em>\u00bfCu\u00e1l es la legitimaci\u00f3n legal para el tratamiento de sus datos personales?<\/em><\/strong><\/p>\n<ul>\n<li>Neurona Consulting, S.L. trata los datos de car\u00e1cter personal facilitados por el usuario, de acuerdo con las siguientes bases legitimadoras, en funci\u00f3n de la tipolog\u00eda de datos que sean facilitados por el usuario, as\u00ed como de las interacciones que el usuario entable con Neurona Consulting, S.L.:<\/li>\n<li>El tratamiento de sus datos para la finalidad de \u201cContacto\u201d, \u201cGesti\u00f3n de las propuestas\u201d y \u201cNavegaci\u00f3n web\u201d, se basa en la\u00a0gesti\u00f3n y tramitaci\u00f3n de la relaci\u00f3n jur\u00eddica\u00a0entablada entre el usuario y Neurona Consulting, S.L., es decir, en la gesti\u00f3n de la propia solicitud, en el mantenimiento del contacto entre las partes y, en su caso, en la prestaci\u00f3n del servicio que el usuario hubiera solicitado.<\/li>\n<li>El tratamiento de sus datos para la \u201cRemisi\u00f3n de comunicaciones comerciales\u201d de productos y servicios de los sectores inmobiliarios y financieros o de otros sectores que puedan resultar del inter\u00e9s del usuario en funci\u00f3n de su perfil, se basa en el\u00a0consentimiento\u00a0prestado por el usuario en cada caso.<\/li>\n<\/ul>\n<p>&nbsp;<\/p>\n<p><strong><em>\u00bfA qui\u00e9n se comunican sus datos?<\/em><\/strong><\/p>\n<ul>\n<li>Los datos recabados por Neurona Consulting, S.L.,\u00a0a trav\u00e9s de los formularios de la p\u00e1gina web, podr\u00e1n ser comunicados al titular del inmueble o activo por el que se ha interesado el usuario con la finalidad de garantizar la correcta gesti\u00f3n y tramitaci\u00f3n de la relaci\u00f3n jur\u00eddica entablada entre el usuario y Neurona Consulting, S.L.<\/li>\n<li>En relaci\u00f3n con las restantes finalidades de tratamiento de datos detalladas en la presente Pol\u00edtica de privacidad, Neurona Consulting, S.L. informa a los usuarios que tales finalidades de tratamiento no implican comunicaciones de sus datos por parte de Neurona Consulting, S.L., a terceras entidades.<\/li>\n<\/ul>\n<p>&nbsp;<\/p>\n<p><strong><em>\u00bfPor cu\u00e1nto tiempo conservamos sus datos?<\/em><\/strong><\/p>\n<ul>\n<li>Neurona Consulting, S.L. conservar\u00e1 sus datos personales durante el tiempo necesario para la prestaci\u00f3n del servicio solicitado y\/o para alcanzar la finalidad de tratamiento perseguida.<\/li>\n<li>Posteriormente, siempre que el usuario no haya ejercicio su derecho de supresi\u00f3n, sus datos ser\u00e1n conservados durante los plazos legales que en cada caso resulten de aplicaci\u00f3n, teniendo en cuenta la tipolog\u00eda de datos, as\u00ed como la finalidad del tratamiento y en su caso, el tiempo en que pueda exigirse alg\u00fan tipo de responsabilidad derivada de la relaci\u00f3n mantenida entre el Usuario y Neurona Consulting, S.L.<\/li>\n<\/ul>\n<p>&nbsp;<\/p>\n<p><strong><em>\u00bfQu\u00e9 datos personales debe facilitarnos en cada caso?<\/em><\/strong><\/p>\n<ul>\n<li>Neurona Consulting, S.L. informa al usuario que, cuando los datos personales sean recabados a trav\u00e9s de un formulario puesto a disposici\u00f3n a trav\u00e9s de la p\u00e1gina web, ser\u00e1 necesario que el usuario aporte, al menos, aquellos datos marcados con un asterisco (*). En caso de no suministrar al menos tales datos, considerados como necesarios, Neurona Consulting, S.L., no podr\u00e1 gestionar la prestaci\u00f3n del servicio solicitado por el usuario.<\/li>\n<li>Asimismo, el usuario garantiza que los datos personales que aporte a trav\u00e9s de la p\u00e1gina web, son verdaderos, exactos, completos y se encuentran actualizados, siendo responsable de cualquier da\u00f1o o perjuicio, directo o indirecto, que pudiera ocasionarse como consecuencia del incumplimiento de tal obligaci\u00f3n.<\/li>\n<\/ul>\n<p>&nbsp;<\/p>\n<p><strong><em>\u00bfQu\u00e9 medidas se adoptan para proteger sus datos personales?<\/em><\/strong><\/p>\n<ul>\n<li>En cumplimiento de la normativa vigente, Neurona Consulting, S.L. ha realizado una valoraci\u00f3n de riesgos de los datos que trata y ha adoptado las medidas t\u00e9cnicas y organizativas necesarias para mantener el nivel de seguridad requerido en atenci\u00f3n a los datos personales tratados. Asimismo, est\u00e1 dotado de los mecanismos precisos a su alcance para evitar en la medida de lo posible los accesos no autorizados, sustracciones y modificaciones il\u00edcitas y la p\u00e9rdida de los datos y procura instalar aquellos otros medios y medidas t\u00e9cnicas adicionales a su alcance para evitar la p\u00e9rdida, mal uso, alteraci\u00f3n y acceso no autorizado a los datos personales facilitados.<\/li>\n<li>Por todo lo anterior, se le recomienda la m\u00e1xima diligencia en esta materia y la utilizaci\u00f3n de todas las herramientas de seguridad que tenga a su alcance, no responsabiliz\u00e1ndose Neurona Consulting, S.L., de sustracciones, modificaciones o p\u00e9rdidas de datos il\u00edcitas.<\/li>\n<\/ul>\n<p>&nbsp;<\/p>\n<p><strong><em>\u00bfCu\u00e1les son sus derechos sobre sus datos personales?<\/em><\/strong><\/p>\n<p>Neurona Consulting, S.L., le informa que cuenta con los siguientes derechos sobre sus datos de car\u00e1cter personal:<\/p>\n<ul>\n<li>Acceder a sus datos:\u00a0Tiene derecho a acceder a sus datos para conocer qu\u00e9 datos personales estamos tratando que le conciernen.<\/li>\n<li>Solicitar la rectificaci\u00f3n o supresi\u00f3n de sus datos:\u00a0En determinadas circunstancias, tiene derecho a rectificar aquellos datos personales que considere inexactos y que le conciernan, y que sean objeto de tratamiento por parte de Neurona Consulting, S.L.., as\u00ed como derecho a solicitar la supresi\u00f3n de sus datos cuando, entre otros motivos, los datos ya no fueran necesarios para los fines que fueron recogidos.<\/li>\n<li>Solicitar la limitaci\u00f3n del tratamiento de sus datos:\u00a0En determinadas circunstancias, tendr\u00e1 derecho a solicitarnos la limitaci\u00f3n del tratamiento de sus datos, en cuyo caso le informamos que \u00fanicamente conservaremos los datos sobre los que haya solicitado limitaci\u00f3n en el tratamiento para el ejercicio o defensa de reclamaciones<\/li>\n<li>A la portabilidad de sus datos: En determinadas circunstancias, tendr\u00e1 derecho a recibir los datos personales que le incumban, y que nos haya facilitado, en un formato estructurado de uso com\u00fan y lectura mec\u00e1nica, as\u00ed como a que sean transmitidos por parte de Neurona Consulting, S.L.;\u00a0a otro responsable del tratamiento.<\/li>\n<li>Oponerse al tratamiento de sus datos: En determinadas circunstancias y por motivos relacionados con su situaci\u00f3n particular, tendr\u00e1 derecho a oponerse al tratamiento de sus datos en cuyo caso, dejar\u00edamos de tratarlos salvo que debamos continuar haci\u00e9ndolo por motivos leg\u00edtimos imperiosos o para el ejercicio o la defensa de posibles reclamaciones.<\/li>\n<\/ul>\n<p>&nbsp;<\/p>\n<p>Neurona Consulting, S.L. le informa que podr\u00e1 ejercitar sus derechos sobre sus datos personales a trav\u00e9s de cualquiera de las siguientes v\u00edas:<\/p>\n<ul>\n<li>Mediante escrito dirigido a Neurona Consulting, S.L., Calle Navas de Tolosa, 2 29016 M\u00e1laga, a la atenci\u00f3n de Cumplimiento Normativo.<\/li>\n<li>Mediante escrito dirigido a la direcci\u00f3n de correo electr\u00f3nico\u00a0<a href=\"mailto:info@samsarawealth.es\">info@samsarawealth.es<\/a><\/li>\n<\/ul>\n<p>&nbsp;<\/p>\n<p>En ambos supuestos, se exige acreditar la identidad de la persona que ejerce sus derechos, mediante el env\u00edo de copia de su DNI, NIE, Pasaporte o documento equivalente, por las dos caras. Neurona Consulting, S.L. facilitar\u00e1 la informaci\u00f3n solicitada en el plazo m\u00e1ximo de un mes a partir de la recepci\u00f3n de la solicitud. Dicho plazo podr\u00e1 prorrogarse otros dos meses en caso necesario, teniendo en cuenta la complejidad y el n\u00famero de solicitudes. Por \u00faltimo, Neurona Consulting, S.L. le informa que podr\u00e1 presentar reclamaci\u00f3n ante la Autoridad de Control competente en materia de protecci\u00f3n de datos. No obstante, en primera instancia, podr\u00e1 presentar reclamaci\u00f3n ante el Delegado de Protecci\u00f3n de Datos, quien resolver\u00e1 la reclamaci\u00f3n en el plazo m\u00e1ximo de dos meses<\/p>\n        <\/div>\n      <\/div>\n    <\/div>\n  <\/div>\n<\/section>","protected":false},"excerpt":{"rendered":"","protected":false},"author":3,"featured_media":0,"parent":0,"menu_order":0,"comment_status":"closed","ping_status":"closed","template":"","meta":{"_monsterinsights_skip_tracking":false,"_monsterinsights_sitenote_active":false,"_monsterinsights_sitenote_note":"","_monsterinsights_sitenote_category":0,"_uf_show_specific_survey":0,"_uf_disable_surveys":false,"footnotes":""},"class_list":["post-110","page","type-page","status-publish","hentry"],"aioseo_notices":[],"meta_box":{"header_title":"","header_subtitle":"","header_type":"none","header_home":{"first_button_style":"primary","second_button_style":"primary"},"property_category":[]},"_links":{"self":[{"href":"https:\/\/samsarawealth.es\/en\/wp-json\/wp\/v2\/pages\/110","targetHints":{"allow":["GET"]}}],"collection":[{"href":"https:\/\/samsarawealth.es\/en\/wp-json\/wp\/v2\/pages"}],"about":[{"href":"https:\/\/samsarawealth.es\/en\/wp-json\/wp\/v2\/types\/page"}],"author":[{"embeddable":true,"href":"https:\/\/samsarawealth.es\/en\/wp-json\/wp\/v2\/users\/3"}],"replies":[{"embeddable":true,"href":"https:\/\/samsarawealth.es\/en\/wp-json\/wp\/v2\/comments?post=110"}],"version-history":[{"count":0,"href":"https:\/\/samsarawealth.es\/en\/wp-json\/wp\/v2\/pages\/110\/revisions"}],"wp:attachment":[{"href":"https:\/\/samsarawealth.es\/en\/wp-json\/wp\/v2\/media?parent=110"}],"curies":[{"name":"wp","href":"https:\/\/api.w.org\/{rel}","templated":true}]}}