{"id":106,"date":"2023-03-20T15:45:39","date_gmt":"2023-03-20T15:45:39","guid":{"rendered":"https:\/\/surinvest.es\/?page_id=106"},"modified":"2024-08-06T10:20:23","modified_gmt":"2024-08-06T10:20:23","slug":"legal-advice","status":"publish","type":"page","link":"https:\/\/samsarawealth.es\/en\/legal-advice\/","title":{"rendered":"Legal Advice"},"content":{"rendered":"<section class=\"py-28 max-sm:py-16 bg-white\" id=\"mb-block-614dcc03-7bb2-4d8f-8cf6-f1e13f431e9b\">\n  <div class=\"w-full max-w-7xl mx-auto max-xl:px-4\">\n    <div class=\"flex gap-y-8 gap-x-32 max-md:flex-col flex-row-reverse\">\n            <div class=\"flex-1\">\n                  <div class=\"mb-12\">\n            <div class=\"flex items-center gap-4 subtitle max-w-md w-full mb-4 text-primary\">\n              Aviso Legal              <div class=\"flex-1 h-0.5 bg-secondary\"><\/div>\n            <\/div>\n            <h2 class=\"section-title\">Reglamento General Protecci\u00f3n de Datos (RGPD)<\/h2>\n          <\/div>\n                <div class=\"content\">\n          <h4><strong>1. DATOS IDENTIFICATIVOS<\/strong><\/h4>\n<p>En cumplimiento con el deber de informaci\u00f3n recogido en art\u00edculo 10 de la Ley 34\/2002, de 11 de julio, de Servicios de la Sociedad de la Informaci\u00f3n y del Comercio Electr\u00f3nico, a continuaci\u00f3n, se reflejan los siguientes datos:<\/p>\n<ul>\n<li>\n<p>La empresa titular del presente dominio web es NEURONA CONSULTING, S.L., con domicilio a estos efectos en Calle Navas de Tolosa, 2, 29016 M\u00e1laga, n\u00famero de C.I.F.: B-09869082, inscrita en el Registro Mercantil de M\u00e1laga, Tomo 6151, Folio 63,\u00a0\u00a0Hoja MA-166407, Fecha de Inscripci\u00f3n 08\/04\/2022.<\/p>\n<\/li>\n<li>\n<p>Correo electr\u00f3nico de contacto: info@samsarawealth.es<\/p>\n<\/li>\n<\/ul>\n<p>&nbsp;<\/p>\n<h4><strong>2. USUARIOS<\/strong><\/h4>\n<p>El acceso y\/o uso de este portal o sitio web le atribuye la condici\u00f3n de USUARIO, que acepta, desde dicho acceso y\/o uso, las Condiciones Generales de Uso reflejadas en el presente aviso. Las Condiciones ser\u00e1n de aplicaci\u00f3n independientemente de las Condiciones Generales de Contrataci\u00f3n que en su caso resulten de obligado cumplimiento.<\/p>\n<p>En todo caso para cualquier fin especifico se pedir\u00e1 su consentimiento expreso.<\/p>\n<p>&nbsp;<\/p>\n<h4><strong>3. USO DEL PORTAL<\/strong><\/h4>\n<p>Nuestra web proporciona el acceso a informaciones, servicios, programas o datos (en adelante pasaremos a denominarlos como \u201clos contenidos\u201d) en Internet pertenecientes a NEURONA CONSULTING, S.L. o a sus licenciantes a los que el USUARIO pueda tener acceso.<\/p>\n<p>El USUARIO asume la responsabilidad del correcto uso del portal. Dicha responsabilidad se extiende al registro que fuese necesario para acceder a determinados servicios o contenidos. En dicho registro el USUARIO ser\u00e1 responsable de aportar informaci\u00f3n veraz y l\u00edcita sobre sus datos. Como consecuencia de este registro, al USUARIO se le puede proporcionar una contrase\u00f1a de la que ser\u00e1 responsable, comprometi\u00e9ndose a hacer un uso diligente, \u00e9tico y confidencial de la misma. El USUARIO se compromete a hacer un uso adecuado de los contenidos y servicios (como por ejemplo servicios de chat, foros de discusi\u00f3n o grupos de noticias) que se ofrece a trav\u00e9s de su portal y con car\u00e1cter enunciativo, pero no limitativo, a no emplearlos para:<\/p>\n<ul>\n<li>Incurrir en actividades il\u00edcitas, ilegales o contrarias a la buena fe y al orden p\u00fablico;<\/li>\n<li>Difundir contenidos o propaganda de car\u00e1cter racista, xen\u00f3fobo, pornogr\u00e1fico-ilegal, de apolog\u00eda del terrorismo o atentatorio contra los derechos humanos<\/li>\n<li>Provocar da\u00f1os en los sistemas f\u00edsicos y l\u00f3gicos del propietario, de sus proveedores o de terceras personas, introducir o difundir en la red virus inform\u00e1ticos o cualesquiera otros sistemas f\u00edsicos o l\u00f3gicos que sean susceptibles de provocar los da\u00f1os anteriormente mencionados;<\/li>\n<li>Intentar acceder y, en su caso, utilizar las cuentas de correo electr\u00f3nico de otros usuarios y modificar o manipular sus mensajes. El propietario del portal se reserva el derecho de retirar todos aquellos comentarios y aportaciones que vulneren el respeto a la dignidad de la persona, que sean discriminatorios, xen\u00f3fobos, racistas, pornogr\u00e1ficos, que atenten contra la juventud o la infancia, el orden o la seguridad p\u00fablica o que, a su juicio, no resultaran adecuados o convenientes para su publicaci\u00f3n. En cualquier caso, el propietario del portal no ser\u00e1 responsable de las opiniones vertidas por los usuarios a trav\u00e9s de los foros, chats, u otras herramientas de participaci\u00f3n.<\/li>\n<\/ul>\n<p>&nbsp;<\/p>\n<h4><strong>4. PROTECCI\u00d3N DE DATOS<\/strong><\/h4>\n<p>El uso de los datos personales est\u00e1 definido en base al Reglamento General de Protecci\u00f3n de datos y la normativa espa\u00f1ola vigente. Con el fin de conseguir la m\u00e1xima transparencia y en base a nuestra pol\u00edtica proactiva le informamos:<\/p>\n<p><strong>\u00bfPor qu\u00e9 solicitamos sus datos?<\/strong><\/p>\n<p>Para poder dar respuestas a la informaci\u00f3n solicitada y resolver sus dudas.<\/p>\n<p><strong>\u00bfQu\u00e9 tipo de datos recabamos?<\/strong><\/p>\n<ul>\n<li>Datos identificativos (nombre y apellido).<\/li>\n<li>Direcci\u00f3n de correo electr\u00f3nico.<\/li>\n<li>Tel\u00e9fono.<\/li>\n<li>Direcci\u00f3n IP<\/li>\n<li>ID de cookie<\/li>\n<\/ul>\n<p>&nbsp;<\/p>\n<p><strong>\u00bfC\u00f3mo se recogen?.<\/strong><\/p>\n<p>Registrados por el propio usuario, mediante nuestro formulario web.<\/p>\n<p><strong>Uso compartido con terceros. <\/strong><\/p>\n<p>Los datos no se ceder\u00e1n, salvo en los casos que exista una obligaci\u00f3n legal.<\/p>\n<p><strong>Derechos.<\/strong><\/p>\n<p>Tiene derecho a acceder a sus datos, rectificarlos, suprimirlos, limitarlos y oponerse a su tratamiento en cualquier momento, tambi\u00e9n puede retirar el consentimiento prestado y reclamar ante la autoridad de control (Agencia Espa\u00f1ola de Protecci\u00f3n de Datos, Calle Jorge Juan, 6 28001 Madrid).<\/p>\n<p>Para el ejercicio de sus derechos dispone de un canal directo con nuestra empresa en el mail info@samsarawealth.es y en la direcci\u00f3n postal Calle Navas de Tolosa, 2 29016 M\u00e1laga, indicando en el asunto Protecci\u00f3n de Datos.<\/p>\n<p><strong>Privacidad en la navegaci\u00f3n.<\/strong><\/p>\n<p>El propietario del portal se toma la privacidad muy en serio, y se esfuerza por la transparencia en todos los aspectos relacionados con los datos personales. Si desea configurar las cookies adjuntamos los enlaces correspondientes a cada navegador.<\/p>\n<p>Rogamos consulte la pol\u00edtica de cookies de nuestra web para obtener m\u00e1s informaci\u00f3n.<\/p>\n<p>Puede encontrar m\u00e1s informaci\u00f3n sobre c\u00f3mo cambiar la configuraci\u00f3n de las cookies en el explorador que utiliza en la siguiente lista:<\/p>\n<ul>\n<li>https:\/\/www.google.com\/intl\/en\/policies\/technologies\/managing\/<\/li>\n<li>http:\/\/support.mozilla.com\/en-GB\/kb\/Cookies#w_cookie-settings<\/li>\n<li>http:\/\/windows.microsoft.com\/en-GB\/windows-vista\/Block-or-allow-cookies<\/li>\n<li>http:\/\/www.apple.com\/safari\/features.html#security<\/li>\n<\/ul>\n<p>&nbsp;<\/p>\n<p>Asimismo, NEURONA CONSULTING, S.L. informa que da cumplimiento a la Ley 34\/2002 de 11 de julio, de Servicios de la Sociedad de la Informaci\u00f3n y el Comercio Electr\u00f3nico y le solicitar\u00e1 su consentimiento al tratamiento de su correo electr\u00f3nico con fines comerciales en cada momento.<\/p>\n<p>&nbsp;<\/p>\n<h4><strong>5. PROPIEDAD INTELECTUAL E INDUSTRIAL<\/strong><\/h4>\n<p>El propietario por s\u00ed o como cesionaria, es titular de todos los derechos de propiedad intelectual e industrial de su p\u00e1gina web, as\u00ed como de los elementos contenidos en la misma (a t\u00edtulo enunciativo, im\u00e1genes, sonido, audio, v\u00eddeo, software o textos; marcas o logotipos, combinaciones de colores, estructura y dise\u00f1o, selecci\u00f3n de materiales usados, programas de ordenador necesarios para su funcionamiento, acceso y uso, etc.).<\/p>\n<p>Todos los derechos reservados. En virtud de lo dispuesto en los art\u00edculos 8 y 32.1, p\u00e1rrafo segundo, de la Ley de Propiedad Intelectual, quedan expresamente prohibidas la reproducci\u00f3n, la distribuci\u00f3n y la comunicaci\u00f3n p\u00fablica, incluida su modalidad de puesta a disposici\u00f3n, de la totalidad o parte de los contenidos de esta p\u00e1gina web, con fines comerciales, en cualquier soporte y por cualquier medio t\u00e9cnico, sin la autorizaci\u00f3n de NEURONA CONSULTING, S.L.<\/p>\n<p>El USUARIO se compromete a respetar los derechos de Propiedad Intelectual e Industrial titularidad de NEURONA CONSULTING, S.L. Podr\u00e1 visualizar los elementos del portal e incluso imprimirlos, copiarlos y almacenarlos en el disco duro de su ordenador o en cualquier otro soporte f\u00edsico siempre y cuando sea, \u00fanica y<br \/>exclusivamente, para su uso personal y privado.<\/p>\n<p>El USUARIO deber\u00e1 abstenerse de suprimir, alterar, eludir o manipular cualquier dispositivo de protecci\u00f3n o sistema de seguridad que estuviera instalado en el las p\u00e1ginas de https:\/\/www.samsarawealth.es<\/p>\n<p>&nbsp;<\/p>\n<h4><strong>6. EXCLUSI\u00d3N DE GARANT\u00cdAS Y RESPONSABILIDAD<\/strong><\/h4>\n<p>SURINVEST no se hace responsable, en ning\u00fan caso, de los da\u00f1os y perjuicios de cualquier naturaleza que pudieran ocasionar, a t\u00edtulo enunciativo: errores u omisiones en los contenidos, falta de disponibilidad del portal o la transmisi\u00f3n de virus o programas maliciosos o lesivos en los contenidos, a pesar de haber adoptado todas las medidas tecnol\u00f3gicas necesarias para evitarlo.<\/p>\n<p>&nbsp;<\/p>\n<h4><strong>7. MODIFICACIONES<\/strong><\/h4>\n<p>SURINVEST se reserva el derecho de efectuar sin previo aviso las modificaciones que considere oportunas en su portal, pudiendo cambiar, suprimir o a\u00f1adir tanto los<br \/>contenidos y servicios que se presten a trav\u00e9s de la misma como la forma en la que \u00e9stos aparezcan presentados o localizados en su portal.<\/p>\n<p>&nbsp;<\/p>\n<h4><strong>8. ENLACES<\/strong><\/h4>\n<p>En el caso de que en https:\/\/www.samsarawealth.es se dispusiesen enlaces o hiperv\u00ednculos hac\u00eda otros sitios de Internet, no ejercer\u00e1 ning\u00fan tipo de control sobre dichos sitios y<br \/>contenidos.<\/p>\n<p>En ning\u00fan caso NEURONA CONSULTING, S.L. asumir\u00e1 responsabilidad alguna por los contenidos de alg\u00fan enlace perteneciente a un sitio web ajeno, ni garantizar\u00e1 la disponibilidad t\u00e9cnica, calidad, fiabilidad, exactitud, amplitud, veracidad, validez y constitucionalidad de cualquier material o informaci\u00f3n contenida en ninguno de dichos hiperv\u00ednculos u otros sitios de Internet. En caso de usar los enlaces rogamos que acceda a la pol\u00edtica de privacidad y aviso legal de la p\u00e1gina visitada.<\/p>\n<p>Igualmente, la inclusi\u00f3n de estas conexiones externas no implicar\u00e1 ning\u00fan tipo de asociaci\u00f3n, fusi\u00f3n o participaci\u00f3n con las entidades conectadas.<\/p>\n<p>&nbsp;<\/p>\n<h4><strong>9. DERECHO DE EXCLUSI\u00d3N<\/strong><\/h4>\n<p>NEURONA CONSULTING, S.L. se reserva el derecho a denegar o retirar el acceso a portal y\/o los servicios ofrecidos sin necesidad de preaviso, a instancia propia o de un tercero, a aquellos usuarios que incumplan las presentes Condiciones Generales de Uso.<\/p>\n<p>&nbsp;<\/p>\n<h4><strong>10. GENERALIDADES<\/strong><\/h4>\n<p>Se perseguir\u00e1 el incumplimiento de las presentes condiciones, as\u00ed como cualquier utilizaci\u00f3n indebida de su portal ejerciendo todas las acciones civiles y penales que le puedan corresponder en derecho.<\/p>\n<p>&nbsp;<\/p>\n<h4><strong>11. MODIFICACI\u00d3N DE LAS PRESENTES CONDICIONES Y DURACI\u00d3N<\/strong><\/h4>\n<p>NEURONA CONSULTING, S.L. podr\u00e1 modificar en cualquier momento las condiciones aqu\u00ed determinadas, siendo debidamente publicadas como aqu\u00ed aparecen.<br \/>La vigencia de las citadas condiciones ir\u00e1 en funci\u00f3n de su exposici\u00f3n y estar\u00e1n vigentes hasta debidamente publicadas. que sean modificadas por otras.<\/p>\n<p>&nbsp;<\/p>\n<h4><strong>12. LEGISLACI\u00d3N APLICABLE Y JURISDICCI\u00d3N<\/strong><\/h4>\n<p>La relaci\u00f3n entre NEURONA CONSULTING, S.L. y el USUARIO se regir\u00e1 por la normativa espa\u00f1ola vigente y cualquier controversia se someter\u00e1 a la autoridad pertinente.<\/p>\n        <\/div>\n      <\/div>\n    <\/div>\n  <\/div>\n<\/section>","protected":false},"excerpt":{"rendered":"","protected":false},"author":3,"featured_media":0,"parent":0,"menu_order":0,"comment_status":"closed","ping_status":"closed","template":"","meta":{"_monsterinsights_skip_tracking":false,"_monsterinsights_sitenote_active":false,"_monsterinsights_sitenote_note":"","_monsterinsights_sitenote_category":0,"_uf_show_specific_survey":0,"_uf_disable_surveys":false,"footnotes":""},"class_list":["post-106","page","type-page","status-publish","hentry"],"aioseo_notices":[],"meta_box":{"header_title":"(Espa\u00f1ol) Aviso Legal","header_subtitle":"(Espa\u00f1ol) Samsara Wealth","header_type":"none","header_home":{"first_button_style":"primary","second_button_style":"primary"},"property_category":[]},"_links":{"self":[{"href":"https:\/\/samsarawealth.es\/en\/wp-json\/wp\/v2\/pages\/106","targetHints":{"allow":["GET"]}}],"collection":[{"href":"https:\/\/samsarawealth.es\/en\/wp-json\/wp\/v2\/pages"}],"about":[{"href":"https:\/\/samsarawealth.es\/en\/wp-json\/wp\/v2\/types\/page"}],"author":[{"embeddable":true,"href":"https:\/\/samsarawealth.es\/en\/wp-json\/wp\/v2\/users\/3"}],"replies":[{"embeddable":true,"href":"https:\/\/samsarawealth.es\/en\/wp-json\/wp\/v2\/comments?post=106"}],"version-history":[{"count":0,"href":"https:\/\/samsarawealth.es\/en\/wp-json\/wp\/v2\/pages\/106\/revisions"}],"wp:attachment":[{"href":"https:\/\/samsarawealth.es\/en\/wp-json\/wp\/v2\/media?parent=106"}],"curies":[{"name":"wp","href":"https:\/\/api.w.org\/{rel}","templated":true}]}}